{"id":5131,"date":"2022-01-25T09:33:37","date_gmt":"2022-01-25T06:33:37","guid":{"rendered":"http:\/\/www.omaypartners.com\/references\/"},"modified":"2023-08-01T13:52:48","modified_gmt":"2023-08-01T10:52:48","slug":"references","status":"publish","type":"page","link":"https:\/\/www.omaypartners.com\/en\/references\/","title":{"rendered":"Works"},"content":{"rendered":"\t\t<div data-elementor-type=\"wp-page\" data-elementor-id=\"5131\" class=\"elementor elementor-5131\">\n\t\t\t\t\t\t<section class=\"elementor-section elementor-top-section elementor-element elementor-element-e521d2e elementor-section-boxed elementor-section-height-default elementor-section-height-default\" data-id=\"e521d2e\" data-element_type=\"section\">\n\t\t\t\t\t\t<div class=\"elementor-container elementor-column-gap-default\">\n\t\t\t\t\t<div class=\"elementor-column elementor-col-100 elementor-top-column elementor-element elementor-element-124de1d\" data-id=\"124de1d\" data-element_type=\"column\">\n\t\t\t<div class=\"elementor-widget-wrap elementor-element-populated\">\n\t\t\t\t\t\t<div class=\"elementor-element elementor-element-3d57177 elementor-widget elementor-widget-text-editor\" data-id=\"3d57177\" data-element_type=\"widget\" data-widget_type=\"text-editor.default\">\n\t\t\t\t<div class=\"elementor-widget-container\">\n\t\t\t<style>\/*! elementor - v3.19.0 - 29-01-2024 *\/\n.elementor-widget-text-editor.elementor-drop-cap-view-stacked .elementor-drop-cap{background-color:#69727d;color:#fff}.elementor-widget-text-editor.elementor-drop-cap-view-framed .elementor-drop-cap{color:#69727d;border:3px solid;background-color:transparent}.elementor-widget-text-editor:not(.elementor-drop-cap-view-default) .elementor-drop-cap{margin-top:8px}.elementor-widget-text-editor:not(.elementor-drop-cap-view-default) .elementor-drop-cap-letter{width:1em;height:1em}.elementor-widget-text-editor .elementor-drop-cap{float:left;text-align:center;line-height:1;font-size:50px}.elementor-widget-text-editor .elementor-drop-cap-letter{display:inline-block}<\/style>\t\t\t\t<table border=\"0\" width=\"100%\" cellspacing=\"4\" cellpadding=\"4\"><tbody><tr><td><h5>Project<\/h5><\/td><td><h5>Service Provided<\/h5><\/td><td><h5>Client<\/h5><\/td><\/tr><tr><td><h5>Ongoing Projects<\/h5><\/td><td>\u00a0<\/td><td>\u00a0<\/td><\/tr><tr><td height=\"15\"><strong>Malta Embassy in Istanbul<\/strong><\/td><td>Project Management<\/td><td>Ministry for Foreign and European Affairs of Malta<\/td><\/tr><tr><td height=\"15\"><strong>METU Teknopark ATOM<\/strong><\/td><td>Design + Construction<\/td><td>METU Teknopark<\/td><\/tr><tr><td height=\"15\"><strong>METU Teknopark Incubation Center<\/strong><\/td><td>Design<\/td><td>METU Teknopark<\/td><\/tr><tr><td height=\"15\"><strong>Qatar Airways Istanbul Office<\/strong><\/td><td>Design + Construction<\/td><td>Qatar Airways<\/td><\/tr><tr><td height=\"15\"><strong>Medical Clinic<\/strong><\/td><td>Design + Construction<\/td><td>N. Ayd\u0131n<\/td><\/tr><tr><td><h5><strong>Completed Projects<\/strong><\/h5><\/td><td>\u00a0<\/td><td>\u00a0<\/td><\/tr><tr><td height=\"15\"><strong>Lyc\u00e9e Charles de Gaulle<\/strong> Renovation<\/td><td>Design + Construction<\/td><td>Lyc\u00e9e Charles de Gaulle<\/td><\/tr><tr><td height=\"15\"><strong>Malta Embassy in Ankara<\/strong><\/td><td>Project Management<\/td><td>Ministry for Foreign and European Affairs of Malta<\/td><\/tr><tr><td height=\"15\"><strong>T\u00fcprag Head Office<\/strong><\/td><td>Construction<\/td><td>Eldorado Gold Corporation<\/td><\/tr><tr><td height=\"15\"><strong>Ericsson Ankara Office<\/strong><\/td><td>Construction<\/td><td>Ericsson<\/td><\/tr><tr><td height=\"15\"><strong>Udemy Turkey Office<\/strong><\/td><td>Construction<\/td><td>Udemy<\/td><\/tr><tr><td height=\"15\"><strong>Netherlands Embassy<\/strong><\/td><td>Construction<\/td><td>Ministry of Foreign Affairs of the Netherlands<\/td><\/tr><tr><td height=\"15\"><strong>Leonardo Turkey Office<\/strong><\/td><td>Design + Construction<\/td><td>Leonardo S.p.A.<\/td><\/tr><tr><td height=\"15\"><strong>Aytim Group Factory<\/strong><\/td><td>Design<\/td><td>Aytim Group<\/td><\/tr><tr><td height=\"15\"><strong>Qatar Airways Head Office<\/strong><\/td><td>Construction<\/td><td>Qatar Airways<\/td><\/tr><tr><td height=\"15\"><strong>Sandvik Ankara Office<\/strong><\/td><td>Design + Construction<\/td><td>Sandvik<\/td><\/tr><tr><td height=\"15\"><strong>Doctors Office<\/strong><\/td><td>Design + Construction<\/td><td>N. Ayd\u0131n<\/td><\/tr><tr><td height=\"15\"><strong>U House<\/strong><\/td><td>Design<\/td><td>U Family<\/td><\/tr><tr><td height=\"15\"><strong>T\u00fcprag Gold Corporation Office <\/strong><em>Phase 2<\/em><\/td><td>Design + Construction<\/td><td>Eldorado Gold Corporation<\/td><\/tr><tr><td height=\"15\"><strong>Italian Embassy Renovation<\/strong><\/td><td>Design + Construction<\/td><td>Italian Embassy<\/td><\/tr><tr><td height=\"15\"><strong>T\u00fcprag Gold Corporation Office <\/strong><em>Phase 1<\/em><\/td><td>Design + Construction<\/td><td>Eldorado Gold Corporation<\/td><\/tr><tr><td height=\"15\"><strong>Charles De Gaulle French School <\/strong><em>Renovation Phase 2<\/em><\/td><td>Design + Construction<\/td><td>LCDG &#8211; Lycee Charles De Gaulle<\/td><\/tr><tr><td height=\"15\"><strong>Mekatronik Head Office<\/strong><\/td><td>Design<\/td><td>Mekatronik<\/td><\/tr><tr><td height=\"15\"><strong>Orbis Technology Office<\/strong><\/td><td>Design + Construction<\/td><td>Orbis<\/td><\/tr><tr><td height=\"15\"><strong>Charles De Gaulle French School <\/strong><em>Renovation Phase 1<\/em><\/td><td>Design + Construction<\/td><td>LCDG &#8211; Lycee Charles De Gaulle<\/td><\/tr><tr><td height=\"15\"><strong>BESA British School <\/strong><em>Additional Building<\/em><\/td><td>Design + Construction<\/td><td>BESA<\/td><\/tr><tr><td height=\"15\"><strong>Charles De Gaulle French School <\/strong><em>Renovation<\/em><\/td><td>Construction<\/td><td>LCDG<\/td><\/tr><tr><td height=\"15\"><strong>Ankara Hilton Hotel <\/strong><em>Premium Boardroom<\/em><\/td><td>Design + Construction<\/td><td>Sabanc\u0131 &#8211; AEO &amp; Hilton<\/td><\/tr><tr><td height=\"15\"><strong>Seres Head Office<\/strong><\/td><td>Design + Construction<\/td><td>Seres Medikal<\/td><\/tr><tr><td height=\"15\"><strong>Metropol Head Office<\/strong><\/td><td>Design<\/td><td>Metropol Yap\u0131 Denetim<\/td><\/tr><tr><td height=\"15\"><strong>Limeks Head Office<\/strong><\/td><td>Design + Construction<\/td><td>Limeks<\/td><\/tr><tr><td height=\"15\"><strong>OpsGenie Turkey Office<\/strong><\/td><td>Design<\/td><td>OpsGenie<\/td><\/tr><tr><td height=\"15\"><strong>Ahmet Yay Office<\/strong><\/td><td>Design + Construction<\/td><td>Ahmet Yay<\/td><\/tr><tr><td height=\"15\"><strong>UN Population Fund Office<\/strong><\/td><td>Construction<\/td><td>United Nations Population Fund<\/td><\/tr><tr><td height=\"15\"><strong>Norwegian Embassy<\/strong><\/td><td>Construction<\/td><td>Norwegian Embassy<\/td><\/tr><tr><td height=\"15\"><strong>Hilton Ankara Hotel <\/strong><em>Health Club<\/em><\/td><td>Design + Construction<\/td><td>Sabanc\u0131 &#8211; AEO &amp; Hilton<\/td><\/tr><tr><td height=\"15\"><strong>Hotel Tunal\u0131 <\/strong><em>Renovation<\/em><\/td><td>Design + Construction<\/td><td>Hotel Tunal\u0131<\/td><\/tr><tr><td height=\"15\"><strong>ICON Office<\/strong><\/td><td>Construction<\/td><td>ICON<\/td><\/tr><tr><td height=\"15\"><strong>Pegasus Defence Office<\/strong><\/td><td>Design + Construction<\/td><td>Pegasus Defence<\/td><\/tr><tr><td height=\"15\"><strong>Securitas \u0130stanbul Regional Office<\/strong><\/td><td>Design<\/td><td>Securitas Group<\/td><\/tr><tr><td height=\"15\"><strong>Reis Head Office<\/strong><\/td><td>Design + Construction<\/td><td>Reis<\/td><\/tr><tr><td height=\"15\"><strong>BP Ankara Office<\/strong><\/td><td>Design + Construction<\/td><td>BP<\/td><\/tr><tr><td height=\"15\"><strong>Office Project<\/strong><\/td><td>Design + Construction<\/td><td>A.\u00c7.<\/td><\/tr><tr><td height=\"15\"><strong>Pasifik Construction HQ<\/strong><\/td><td>Design<\/td><td>Pasifik Construction<\/td><\/tr><tr><td height=\"15\"><strong>Keifi<\/strong><\/td><td>Design<\/td><td>Pasifik Construction<\/td><\/tr><tr><td height=\"15\"><strong>Honeywell<\/strong><\/td><td>Design + Construction<\/td><td>Honeywell<\/td><\/tr><tr><td height=\"15\"><strong>DECE Software Office<\/strong><\/td><td>Design + Construction<\/td><td>DECE Software<\/td><\/tr><tr><td height=\"15\"><strong>TTopco Ankara Office<\/strong><\/td><td>Design + Construction<\/td><td>TTopco<\/td><\/tr><tr><td height=\"15\"><strong>Ankara Hilton Hotel <\/strong><em>Guest Floor Renovation<\/em><\/td><td>Design + Construction<\/td><td>Sabanc\u0131 Holding, AEO A.\u015e.<\/td><\/tr><tr><td height=\"15\"><strong>Genel Energy Suleymaniyah Office<\/strong><\/td><td>Design + supervision<\/td><td>Genel Energy International<\/td><\/tr><tr><td height=\"15\"><strong>\u00c7iftay Construction Head Office<\/strong><\/td><td>Design + Construction<\/td><td>\u00c7iftay Construction<\/td><\/tr><tr><td height=\"15\"><strong>TTopco Erbil Office<\/strong><\/td><td>Design + supervision<\/td><td>TTopco<\/td><\/tr><tr><td height=\"15\"><strong>Genel Energy Erbil Office<\/strong><\/td><td>Design + supervision<\/td><td>Genel Energy International<\/td><\/tr><tr><td height=\"15\"><strong>Kayseri Hilton Hotel <\/strong><em>Renovation<\/em><\/td><td>supervision<\/td><td>Ba\u015fyaz\u0131c\u0131<\/td><\/tr><tr><td height=\"15\"><strong>Genel Energy Head Office<\/strong><\/td><td>Design + Construction<\/td><td>Genel Energy<\/td><\/tr><tr><td height=\"15\"><strong>Alstom Turkey Office<\/strong><\/td><td>Design + Project Managemet<\/td><td>Alstom Turkey<\/td><\/tr><tr><td height=\"15\"><strong>Ankara Hilton Hotel<\/strong><em> Public Guest Floor<\/em><\/td><td>project management<\/td><td>Sabanc\u0131 Holding, AEO A.\u015e.<\/td><\/tr><tr><td height=\"15\"><strong>T\u00fcrkerler Tower <\/strong><em>Apartments<\/em><\/td><td>Design<\/td><td>T\u00fcrkerler Construction<\/td><\/tr><tr><td height=\"15\"><strong>Mahall Ankara <\/strong><em>Sales Office<\/em><\/td><td>Design<\/td><td>T\u00fcrkerler Construction<\/td><\/tr><tr><td height=\"15\"><strong>Fulbright Ankara Office<\/strong><\/td><td>Design + Construction<\/td><td>Fullbright<\/td><\/tr><tr><td height=\"15\"><strong>Mona Hotel<\/strong><\/td><td>Design<\/td><td>FTZ<\/td><\/tr><tr><td height=\"15\"><strong>Prasad Residence<\/strong><\/td><td>Design + supervision<\/td><td>Soma Enterprises<\/td><\/tr><tr><td height=\"15\"><strong>Atyrau Airport<\/strong><\/td><td>Design + Project Managemet<\/td><td>Ma\u011fdenli<\/td><\/tr><tr><td height=\"15\"><strong>Rumeli Suites Hotel<\/strong><\/td><td>Design + Construction<\/td><td>Ayhan \/ Metin<\/td><\/tr><tr><td height=\"15\"><strong>Reha Residence<\/strong><\/td><td>Design<\/td><td>Reha Construction<\/td><\/tr><tr><td height=\"15\"><strong>T House<\/strong><\/td><td>Design + supervision<\/td><td>Turkal Family<\/td><\/tr><tr><td height=\"15\"><strong>M. Merey Office<\/strong><\/td><td>Design + Construction<\/td><td>Macit Merey<\/td><\/tr><tr><td height=\"15\"><strong>Bayraktar Head Office<\/strong><\/td><td>Design + Construction<\/td><td>Bayraktar<\/td><\/tr><tr><td height=\"15\"><strong>Pegasus Defence Office<\/strong><\/td><td>Design + Construction<\/td><td>Pegasus Defence<\/td><\/tr><tr><td height=\"15\"><strong>S. Ozat Office<\/strong><\/td><td>Design + Construction<\/td><td>Sabriye Ozat<\/td><\/tr><tr><td height=\"15\"><strong>Aecom Ankara Office<\/strong><\/td><td>Design + Construction<\/td><td>Aecom<\/td><\/tr><tr><td height=\"15\"><strong>M.Ozgul \/ L.Akca Office<\/strong><\/td><td>Design + Construction<\/td><td>M.Ozgul \/ L.Akca<\/td><\/tr><tr><td height=\"15\"><strong>Subnet Office<\/strong><\/td><td>Design<\/td><td>Subnet<\/td><\/tr><tr><td height=\"15\"><strong>Ertun\u00e7 \u00d6zcan Office<\/strong><\/td><td>Design + Construction<\/td><td>Ertun\u00e7 \u00d6zcan<\/td><\/tr><tr><td height=\"15\"><strong>EMC Corporation Ankara Office<\/strong><\/td><td>Design + Construction<\/td><td>EMC Corporation<\/td><\/tr><tr><td height=\"15\"><strong>Borusan EnBW Energy Office<\/strong><\/td><td>Design + Construction<\/td><td>Borusan EnBW Energy<\/td><\/tr><tr><td height=\"15\"><strong>Tepe Construction HQ<\/strong><\/td><td>Design<\/td><td>Tepe Construction<\/td><\/tr><tr><td height=\"15\"><strong>Qatar Airways Ankara Office<\/strong><\/td><td>Design + Construction<\/td><td>Qatar Airways<\/td><\/tr><tr><td height=\"15\"><strong>Securitas Electronic Security and Alarm Center<\/strong><\/td><td>Design + Construction<\/td><td>Securitas Group<\/td><\/tr><tr><td height=\"15\"><strong>Securitas Marmara Asian Regional Office<\/strong><\/td><td>Design + Construction<\/td><td>Securitas Group<\/td><\/tr><tr><td height=\"15\"><strong>Securitas Anatolia Regional Office<\/strong><\/td><td>Design + Construction<\/td><td>Securitas Group<\/td><\/tr><tr><td height=\"15\"><strong>Ankara Hilton Hotel<\/strong><em> Public Areas Renovation<\/em><\/td><td>Design + Project Managemet<\/td><td>Sabanc\u0131 Holding, AEO A.\u015e.<\/td><\/tr><tr><td height=\"15\"><strong>Securitas \u00c7ukurova Regional Office<\/strong><\/td><td>Design + Construction<\/td><td>Securitas Group<\/td><\/tr><tr><td height=\"15\"><strong>Murphy&#8217;s Dance Bar<\/strong><\/td><td>Design + Construction<\/td><td>Metin Murphy<\/td><\/tr><tr><td height=\"15\"><strong>Do\u011fu\u015f Group Office Building<\/strong><\/td><td>Design<\/td><td>Do\u011fu\u015f Group<\/td><\/tr><tr><td height=\"15\"><strong>Libya Hostel<\/strong><\/td><td>Design<\/td><td>YO Construction<\/td><\/tr><tr><td height=\"15\"><strong>Securitas Marmara European Regional Office<\/strong><\/td><td>Design + Construction<\/td><td>Securitas Group<\/td><\/tr><tr><td height=\"15\"><strong>Dubai Milestone Residence<\/strong><\/td><td>Design + consultancy<\/td><td>G\u00fclermak International FZCO<\/td><\/tr><tr><td height=\"15\"><strong>Coffeeshop<\/strong><\/td><td>Design + Construction<\/td><td>Budakalt\u0131 Turizm<\/td><\/tr><tr><td height=\"15\"><strong>Coffeeshop<\/strong><\/td><td>Design + Construction<\/td><td>Budakalt\u0131 Turizm<\/td><\/tr><tr><td height=\"15\"><strong>Mardan Palace Hotel <\/strong><em>SPA<\/em><\/td><td>Design + Project Managemet<\/td><td>AST Russia<\/td><\/tr><tr><td height=\"15\"><strong>Ankamall<\/strong> <em>Ice Skate Park and Cafe<\/em><\/td><td>Design<\/td><td>Kaptan<\/td><\/tr><tr><td height=\"15\"><strong>Securitas Group Okmeydan\u0131 Office<\/strong><\/td><td>Design + Construction<\/td><td>Securitas Group<\/td><\/tr><tr><td height=\"15\"><strong>Securitas Group Head Office<\/strong><\/td><td>Design + Construction<\/td><td>Securitas Group<\/td><\/tr><tr><td height=\"15\"><strong>MEB Sak\u0131p Sabanc\u0131 Conference Hall<\/strong><\/td><td>Design + Construction<\/td><td>Sabanc\u0131 Holding, VAKSA<\/td><\/tr><tr><td height=\"15\"><strong>SPA Budapest<\/strong><\/td><td>Design<\/td><td>Racz<\/td><\/tr><tr><td height=\"15\"><strong>SPA Gazella<\/strong><\/td><td>Design<\/td><td>SPA Gazella<\/td><\/tr><tr><td height=\"15\"><strong>Parla Education Center<\/strong><\/td><td>Design + Construction<\/td><td>Parla Education<\/td><\/tr><tr><td height=\"15\">\u00a0<strong>Xanadu Resort Hotel<\/strong> <em>Shopping Mall<\/em><\/td><td>Design<\/td><td>Ayd\u0131ner Construction<\/td><\/tr><tr><td height=\"15\"><strong>Optimum Shopping Mall <\/strong><em>Cinema and Lunapark Center<\/em><\/td><td>Design + Supervision<\/td><td>T\u00fcze Group<\/td><\/tr><tr><td height=\"15\"><strong>\u0130zmir Metro <\/strong><em>Halkap\u0131nar Station<\/em><\/td><td>Design<\/td><td>Yap\u0131 Teknik<\/td><\/tr><tr><td height=\"15\"><strong>Marmaray Depot and Administration Buildings<\/strong><\/td><td>Design<\/td><td>Alstom, Marubeni, Do\u011fu\u015f<\/td><\/tr><tr><td height=\"15\"><strong>IC Holding Office Building<\/strong><\/td><td>Design + Supervision<\/td><td>IC Holding<\/td><\/tr><tr><td height=\"15\"><strong>\u00c7e\u015fme Thermal Hotel<\/strong><\/td><td>Design + Supervision<\/td><td>IC Holding<\/td><\/tr><tr><td height=\"15\"><strong>Krosnadar Primary School<\/strong><\/td><td>Design<\/td><td>Krasnodar Governorship<\/td><\/tr><tr><td height=\"15\"><strong>Sabiha G\u00f6k\u00e7en Airport <\/strong><em>Proposal<\/em><\/td><td>Design<\/td><td>IC Holding<\/td><\/tr><tr><td height=\"15\"><strong>\u0130zmir Efes Hotel <\/strong><em>Development<\/em><\/td><td>Design<\/td><td>IC Holding<\/td><\/tr><tr><td height=\"15\"><strong>\u0130stanbul Hilton Hotel <\/strong><em>Development\u00a0<\/em><\/td><td>Design<\/td><td>IC Holding<\/td><\/tr><tr><td height=\"15\"><strong>B\u00fcy\u00fck Ankara Hotel <\/strong><em>Development<\/em><\/td><td>Design<\/td><td>IC Holding<\/td><\/tr><tr><td height=\"15\"><strong>Marmaray Metro Stations<\/strong><\/td><td>Design<\/td><td>Alstom, Marubeni, Do\u011fu\u015f<\/td><\/tr><tr><td height=\"15\"><strong>Angora Sheraton Hotel<\/strong><\/td><td>Design<\/td><td>\u00d6zkaynak Publishing<\/td><\/tr><tr><td height=\"15\"><strong>Terradesir Housing<\/strong><\/td><td>Design<\/td><td>Ranta\u015f A.\u015e.<\/td><\/tr><tr><td height=\"15\"><strong>Penguen Patisserie<\/strong><\/td><td>Design + Construction<\/td><td>Penguen Patisserie<\/td><\/tr><tr><td height=\"15\"><strong>Karum Gate<\/strong><\/td><td>Design<\/td><td>Karum Al\u0131\u015fveri\u015f Merkezi<\/td><\/tr><tr><td height=\"15\"><strong>Ma\u00e7ka Hotel <\/strong><em>Renovation<\/em><\/td><td>*<\/td><td>General Dir. of Retirement Fund<\/td><\/tr><tr><td height=\"15\"><strong>B\u00fcy\u00fck Tarabya Hotel <\/strong><em>Renovation<\/em><\/td><td>*<\/td><td>General Dir. of Retirement Fund<\/td><\/tr><tr><td height=\"15\"><strong>\u00c7elik Palas Hotel <\/strong><em>Renovation<\/em><\/td><td>*<\/td><td>General Dir. of Retirement Fund<\/td><\/tr><tr><td height=\"15\"><strong>B\u00fcy\u00fck Efes Hotel <\/strong><em>Renovation<\/em><\/td><td>*<\/td><td>General Dir. of Retirement Fund<\/td><\/tr><tr><td height=\"15\"><strong>Stad Radisson Hotel <\/strong><em>Renovation<\/em><\/td><td>*<\/td><td>General Dir. of Retirement Fund<\/td><\/tr><tr><td height=\"15\"><strong>B\u00fcy\u00fck Ankara Hotel <\/strong><em>Renovation<\/em><\/td><td>*<\/td><td>General Dir. of Retirement Fund<\/td><\/tr><tr><td height=\"15\"><strong>Ankara Hilton Hotel <\/strong><em>Guest Floor Renovation<\/em><\/td><td>*<\/td><td>Sabanc\u0131 Holding, AEO A.\u015e.<\/td><\/tr><tr><td height=\"15\"><strong>Buenos Aires Restaurant<\/strong><\/td><td>Design + Construction<\/td><td>A. Mehter<\/td><\/tr><tr><td height=\"15\"><strong>Sabanc\u0131 University<\/strong><\/td><td>*<\/td><td>Sabanc\u0131 Holding<\/td><\/tr><tr><td height=\"15\"><strong>Mersin Hilton Hotel <\/strong><em>Guest Floor Renovation<\/em><\/td><td>*<\/td><td>Sabanc\u0131 Holding, TURSA A.\u015e.<\/td><\/tr><tr><td height=\"15\"><strong>Adana Hilton Hotel<\/strong><\/td><td>*<\/td><td>Sabanc\u0131 Holding, TURSA A.\u015e.<\/td><\/tr><tr><td height=\"15\"><strong>Park Hilton Hotel <\/strong><em>Renovation<\/em><\/td><td>*<\/td><td>Sabanc\u0131 Holding, TURSA A.\u015e.<\/td><\/tr><\/tbody><\/table><p>*Founder of Omay Partners participated within the Client&#8217;s organization and PM team.<\/p>\t\t\t\t\t\t<\/div>\n\t\t\t\t<\/div>\n\t\t\t\t\t<\/div>\n\t\t<\/div>\n\t\t\t\t\t<\/div>\n\t\t<\/section>\n\t\t\t\t<\/div>\n\t\t","protected":false},"excerpt":{"rendered":"<p>Project Service Provided Client Ongoing Projects \u00a0 \u00a0 Malta Embassy in Istanbul Project Management Ministry for Foreign and European Affairs of Malta METU Teknopark ATOM Design + Construction METU Teknopark&hellip;<\/p>\n","protected":false},"author":1,"featured_media":0,"parent":0,"menu_order":0,"comment_status":"closed","ping_status":"closed","template":"","meta":{"footnotes":""},"class_list":["post-5131","page","type-page","status-publish","hentry"],"_links":{"self":[{"href":"https:\/\/www.omaypartners.com\/en\/wp-json\/wp\/v2\/pages\/5131\/"}],"collection":[{"href":"https:\/\/www.omaypartners.com\/en\/wp-json\/wp\/v2\/pages\/"}],"about":[{"href":"https:\/\/www.omaypartners.com\/en\/wp-json\/wp\/v2\/types\/page\/"}],"author":[{"embeddable":true,"href":"https:\/\/www.omaypartners.com\/en\/wp-json\/wp\/v2\/users\/1\/"}],"replies":[{"embeddable":true,"href":"https:\/\/www.omaypartners.com\/en\/wp-json\/wp\/v2\/comments\/?post=5131"}],"version-history":[{"count":40,"href":"https:\/\/www.omaypartners.com\/en\/wp-json\/wp\/v2\/pages\/5131\/revisions\/"}],"predecessor-version":[{"id":8888,"href":"https:\/\/www.omaypartners.com\/en\/wp-json\/wp\/v2\/pages\/5131\/revisions\/8888\/"}],"wp:attachment":[{"href":"https:\/\/www.omaypartners.com\/en\/wp-json\/wp\/v2\/media\/?parent=5131"}],"curies":[{"name":"wp","href":"https:\/\/api.w.org\/{rel}","templated":true}]}}